{"id":146,"date":"2017-06-01T22:38:31","date_gmt":"2017-06-01T22:38:31","guid":{"rendered":"http:\/\/rseabra.com.br\/site\/?page_id=146"},"modified":"2025-10-01T13:41:14","modified_gmt":"2025-10-01T13:41:14","slug":"a-empresa","status":"publish","type":"page","link":"https:\/\/rseabra.com.br\/site\/a-empresa\/","title":{"rendered":"A Empresa"},"content":{"rendered":"<p>[et_pb_section fb_built=&#8221;1&#8243; fullwidth=&#8221;on&#8221; admin_label=&#8221;Se\u00e7\u00e3o&#8221; _builder_version=&#8221;4.16&#8243; background_image=&#8221;https:\/\/rseabra.com.br\/site\/wp-content\/uploads\/2020\/12\/FUNDO-ONDE-ESCREVE-CATALOGO.png&#8221; custom_padding=&#8221;0px||5px|||&#8221; transparent_background=&#8221;off&#8221; make_fullwidth=&#8221;off&#8221; use_custom_width=&#8221;off&#8221; width_unit=&#8221;on&#8221; custom_width_px=&#8221;1080&#8243; custom_width_percent=&#8221;80&#8243; global_colors_info=&#8221;{}&#8221;][et_pb_fullwidth_header title=&#8221;A Empresa&#8221; text_orientation=&#8221;center&#8221; content_max_width=&#8221;none&#8221; admin_label=&#8221;Cabe\u00e7alho de Largura Completa&#8221; _builder_version=&#8221;4.16&#8243; title_font=&#8221;|on|||&#8221; title_font_size=&#8221;54&#8243; content_font_size=&#8221;14&#8243; subhead_font_size=&#8221;18&#8243; background_color=&#8221;rgba(255, 255, 255, 0)&#8221; custom_padding=&#8221;16px||6px|||&#8221; title_font_size_tablet=&#8221;30&#8243; button_one_letter_spacing_hover=&#8221;0&#8243; button_two_letter_spacing_hover=&#8221;0&#8243; global_colors_info=&#8221;{}&#8221; button_one_text_size__hover_enabled=&#8221;off&#8221; button_two_text_size__hover_enabled=&#8221;off&#8221; button_one_text_color__hover_enabled=&#8221;off&#8221; button_two_text_color__hover_enabled=&#8221;off&#8221; button_one_border_width__hover_enabled=&#8221;off&#8221; button_two_border_width__hover_enabled=&#8221;off&#8221; button_one_border_color__hover_enabled=&#8221;off&#8221; button_two_border_color__hover_enabled=&#8221;off&#8221; button_one_border_radius__hover_enabled=&#8221;off&#8221; button_two_border_radius__hover_enabled=&#8221;off&#8221; button_one_letter_spacing__hover_enabled=&#8221;on&#8221; button_one_letter_spacing__hover=&#8221;0&#8243; button_two_letter_spacing__hover_enabled=&#8221;on&#8221; button_two_letter_spacing__hover=&#8221;0&#8243; button_one_bg_color__hover_enabled=&#8221;off&#8221; button_two_bg_color__hover_enabled=&#8221;off&#8221;] [\/et_pb_fullwidth_header][\/et_pb_section][et_pb_section fb_built=&#8221;1&#8243; admin_label=&#8221;section&#8221; _builder_version=&#8221;4.16&#8243; global_colors_info=&#8221;{}&#8221;][et_pb_row column_structure=&#8221;1_2,1_2&#8243; admin_label=&#8221;row&#8221; _builder_version=&#8221;4.16&#8243; background_size=&#8221;initial&#8221; background_position=&#8221;top_left&#8221; background_repeat=&#8221;repeat&#8221; global_colors_info=&#8221;{}&#8221;][et_pb_column type=&#8221;1_2&#8243; _builder_version=&#8221;4.16&#8243; custom_padding=&#8221;|||&#8221; global_colors_info=&#8221;{}&#8221; custom_padding__hover=&#8221;|||&#8221;][et_pb_video src=&#8221;https:\/\/youtu.be\/cYWS33XEKcg&#8221; image_src=&#8221;\/\/i.ytimg.com\/vi\/cYWS33XEKcg\/hqdefault.jpg&#8221; _builder_version=&#8221;4.27.4&#8243; _module_preset=&#8221;default&#8221; border_radii=&#8221;on|16px|16px|16px|16px&#8221; border_width_all=&#8221;8px&#8221; border_color_all=&#8221;#FFFFFF&#8221; box_shadow_style=&#8221;preset2&#8243; global_colors_info=&#8221;{}&#8221;][\/et_pb_video][\/et_pb_column][et_pb_column type=&#8221;1_2&#8243; _builder_version=&#8221;4.16&#8243; custom_padding=&#8221;|||&#8221; global_colors_info=&#8221;{}&#8221; custom_padding__hover=&#8221;|||&#8221;][et_pb_text admin_label=&#8221;Texto&#8221; _builder_version=&#8221;4.16&#8243; text_font_size=&#8221;16&#8243; text_letter_spacing=&#8221;0&#8243; text_line_height=&#8221;1.7&#8243; header_font_size=&#8221;30&#8243; header_letter_spacing=&#8221;0&#8243; header_line_height=&#8221;1&#8243; background_size=&#8221;initial&#8221; background_position=&#8221;top_left&#8221; background_repeat=&#8221;repeat&#8221; text_orientation=&#8221;justified&#8221; use_border_color=&#8221;off&#8221; border_color=&#8221;#ffffff&#8221; border_width=&#8221;1&#8243; border_style=&#8221;solid&#8221; global_colors_info=&#8221;{}&#8221;]<\/p>\n<p>Fundada em 1991, a Metal\u00fargica R. Seabra \u00e9 uma empresa 100% nacional. Situada no entroncamento da Rodovia Marechal Rondon com a Rodovia Jo\u00e3o Mell\u00e3o, ocupa uma \u00e1rea de 20.000 m2 no Distrito Industrial I de S\u00e3o Manuel \/ SP. Atua no mercado de reposi\u00e7\u00e3o, com mais de 34 anos de experi\u00eancia, no setor automotivo.<\/p>\n<p>A Metal\u00fargica R. Seabra, tem seus valores junto a seus: <br \/>\u2022 Colaboradores, Fornecedores e Clientes. <br \/>\u2022 Fornecer Qualidade e Satisfa\u00e7\u00e3o <br \/>\u2022 Ser Competitiva fazendo a diferen\u00e7a <br \/>\u2022 Estar preparada para todos os desafios<\/p>\n<p>Fabricante de Parafuso Prisioneiro <br \/>Fabricante de Bucha Roscada \/ Bucha da Carca\u00e7a <br \/>Fabricante de Inserto Roscado <br \/>Fabricante de Tubo de Freio \/ Cano de Freio <br \/>Fabricante de Rosca Posti\u00e7a <br \/>Fabricante de Torquilho, Tarugo, Tucho.<\/p>\n<p>[\/et_pb_text][\/et_pb_column][\/et_pb_row][\/et_pb_section][et_pb_section fb_built=&#8221;1&#8243; admin_label=&#8221;Se\u00e7\u00e3o&#8221; _builder_version=&#8221;4.16&#8243; custom_padding=&#8221;5px|||&#8221; transparent_background=&#8221;off&#8221; make_fullwidth=&#8221;off&#8221; use_custom_width=&#8221;off&#8221; width_unit=&#8221;on&#8221; custom_width_px=&#8221;1080&#8243; custom_width_percent=&#8221;80&#8243; global_colors_info=&#8221;{}&#8221;][et_pb_row admin_label=&#8221;Linha&#8221; _builder_version=&#8221;4.16&#8243; background_size=&#8221;initial&#8221; background_position=&#8221;top_left&#8221; background_repeat=&#8221;repeat&#8221; global_colors_info=&#8221;{}&#8221;][et_pb_column type=&#8221;4_4&#8243; _builder_version=&#8221;4.16&#8243; custom_padding=&#8221;|||&#8221; global_colors_info=&#8221;{}&#8221; custom_padding__hover=&#8221;|||&#8221;][et_pb_gallery gallery_ids=&#8221;642,655,656,657,652,653,654,651,650,649,647,644,645,648,646,779,780,781,782,783,784&#8243; posts_number=&#8221;20&#8243; show_title_and_caption=&#8221;off&#8221; show_pagination=&#8221;off&#8221; admin_label=&#8221;Galeria&#8221; _builder_version=&#8221;4.27.4&#8243; title_letter_spacing=&#8221;0&#8243; title_line_height=&#8221;1&#8243; caption_letter_spacing=&#8221;0&#8243; caption_line_height=&#8221;18&#8243; hover_enabled=&#8221;0&#8243; border_radii=&#8221;on|16px|16px|16px|16px&#8221; use_border_color=&#8221;off&#8221; border_color=&#8221;#ffffff&#8221; border_width=&#8221;1&#8243; border_style=&#8221;solid&#8221; global_colors_info=&#8221;{}&#8221; sticky_enabled=&#8221;0&#8243;] [\/et_pb_gallery][\/et_pb_column][\/et_pb_row][\/et_pb_section]<\/p>\n","protected":false},"excerpt":{"rendered":"<p>Fundada em 1991, a Metal\u00fargica R. Seabra \u00e9 uma empresa 100% nacional. Situada no entroncamento da Rodovia Marechal Rondon com a Rodovia Jo\u00e3o Mell\u00e3o, ocupa uma \u00e1rea de 20.000 m2 no Distrito Industrial I de S\u00e3o Manuel \/ SP. Atua no mercado de reposi\u00e7\u00e3o, com mais de 34 anos de experi\u00eancia, no setor automotivo. A [&hellip;]<\/p>\n","protected":false},"author":1,"featured_media":153,"parent":0,"menu_order":0,"comment_status":"closed","ping_status":"closed","template":"","meta":{"_et_pb_use_builder":"on","_et_pb_old_content":"","_et_gb_content_width":"","footnotes":""},"class_list":["post-146","page","type-page","status-publish","has-post-thumbnail","hentry"],"_links":{"self":[{"href":"https:\/\/rseabra.com.br\/site\/wp-json\/wp\/v2\/pages\/146","targetHints":{"allow":["GET"]}}],"collection":[{"href":"https:\/\/rseabra.com.br\/site\/wp-json\/wp\/v2\/pages"}],"about":[{"href":"https:\/\/rseabra.com.br\/site\/wp-json\/wp\/v2\/types\/page"}],"author":[{"embeddable":true,"href":"https:\/\/rseabra.com.br\/site\/wp-json\/wp\/v2\/users\/1"}],"replies":[{"embeddable":true,"href":"https:\/\/rseabra.com.br\/site\/wp-json\/wp\/v2\/comments?post=146"}],"version-history":[{"count":19,"href":"https:\/\/rseabra.com.br\/site\/wp-json\/wp\/v2\/pages\/146\/revisions"}],"predecessor-version":[{"id":785,"href":"https:\/\/rseabra.com.br\/site\/wp-json\/wp\/v2\/pages\/146\/revisions\/785"}],"wp:featuredmedia":[{"embeddable":true,"href":"https:\/\/rseabra.com.br\/site\/wp-json\/wp\/v2\/media\/153"}],"wp:attachment":[{"href":"https:\/\/rseabra.com.br\/site\/wp-json\/wp\/v2\/media?parent=146"}],"curies":[{"name":"wp","href":"https:\/\/api.w.org\/{rel}","templated":true}]}}