{"id":172,"date":"2017-06-01T23:44:38","date_gmt":"2017-06-01T23:44:38","guid":{"rendered":"http:\/\/rseabra.com.br\/site\/?page_id=172"},"modified":"2025-09-23T15:08:58","modified_gmt":"2025-09-23T15:08:58","slug":"produtos","status":"publish","type":"page","link":"https:\/\/rseabra.com.br\/site\/produtos\/","title":{"rendered":"Produtos"},"content":{"rendered":"<p>[et_pb_section fb_built=&#8221;1&#8243; fullwidth=&#8221;on&#8221; admin_label=&#8221;Se\u00e7\u00e3o&#8221; _builder_version=&#8221;4.16&#8243; background_image=&#8221;https:\/\/rseabra.com.br\/site\/wp-content\/uploads\/2020\/12\/FUNDO-ONDE-ESCREVE-CATALOGO.png&#8221; custom_padding=&#8221;2px||10px|||&#8221; transparent_background=&#8221;off&#8221; make_fullwidth=&#8221;off&#8221; use_custom_width=&#8221;off&#8221; width_unit=&#8221;on&#8221; custom_width_px=&#8221;1080&#8243; custom_width_percent=&#8221;80&#8243; global_colors_info=&#8221;{}&#8221;][et_pb_fullwidth_header title=&#8221;Produtos&#8221; text_orientation=&#8221;center&#8221; content_max_width=&#8221;none&#8221; admin_label=&#8221;Cabe\u00e7alho de Largura Completa&#8221; _builder_version=&#8221;4.16&#8243; title_font=&#8221;|on|||&#8221; title_font_size=&#8221;54&#8243; content_font_size=&#8221;14&#8243; subhead_font_size=&#8221;18&#8243; background_color=&#8221;rgba(255, 255, 255, 0)&#8221; title_font_size_tablet=&#8221;30&#8243; button_one_letter_spacing_hover=&#8221;0&#8243; button_two_letter_spacing_hover=&#8221;0&#8243; global_colors_info=&#8221;{}&#8221; button_one_text_size__hover_enabled=&#8221;off&#8221; button_two_text_size__hover_enabled=&#8221;off&#8221; button_one_text_color__hover_enabled=&#8221;off&#8221; button_two_text_color__hover_enabled=&#8221;off&#8221; button_one_border_width__hover_enabled=&#8221;off&#8221; button_two_border_width__hover_enabled=&#8221;off&#8221; button_one_border_color__hover_enabled=&#8221;off&#8221; button_two_border_color__hover_enabled=&#8221;off&#8221; button_one_border_radius__hover_enabled=&#8221;off&#8221; button_two_border_radius__hover_enabled=&#8221;off&#8221; button_one_letter_spacing__hover_enabled=&#8221;on&#8221; button_one_letter_spacing__hover=&#8221;0&#8243; button_two_letter_spacing__hover_enabled=&#8221;on&#8221; button_two_letter_spacing__hover=&#8221;0&#8243; button_one_bg_color__hover_enabled=&#8221;off&#8221; button_two_bg_color__hover_enabled=&#8221;off&#8221;] [\/et_pb_fullwidth_header][\/et_pb_section][et_pb_section fb_built=&#8221;1&#8243; _builder_version=&#8221;4.16&#8243; _module_preset=&#8221;default&#8221; custom_padding=&#8221;3px||9px|||&#8221; global_colors_info=&#8221;{}&#8221;][et_pb_row column_structure=&#8221;1_3,1_3,1_3&#8243; _builder_version=&#8221;4.16&#8243; _module_preset=&#8221;default&#8221; global_colors_info=&#8221;{}&#8221;][et_pb_column type=&#8221;1_3&#8243; _builder_version=&#8221;4.16&#8243; _module_preset=&#8221;default&#8221; global_colors_info=&#8221;{}&#8221;][et_pb_image src=&#8221;https:\/\/rseabra.com.br\/site\/wp-content\/uploads\/2025\/09\/slide_02_mobile.jpg&#8221; title_text=&#8221;slide_02_mobile&#8221; url=&#8221;@ET-DC@eyJkeW5hbWljIjp0cnVlLCJjb250ZW50IjoicG9zdF9saW5rX3VybF9wYWdlIiwic2V0dGluZ3MiOnsicG9zdF9pZCI6IjU5NCJ9fQ==@&#8221; _builder_version=&#8221;4.16&#8243; _dynamic_attributes=&#8221;url&#8221; _module_preset=&#8221;default&#8221; global_colors_info=&#8221;{}&#8221;][\/et_pb_image][\/et_pb_column][et_pb_column type=&#8221;1_3&#8243; _builder_version=&#8221;4.16&#8243; _module_preset=&#8221;default&#8221; global_colors_info=&#8221;{}&#8221;][et_pb_image src=&#8221;https:\/\/rseabra.com.br\/site\/wp-content\/uploads\/2025\/09\/slide_03_03_mobile.jpg&#8221; title_text=&#8221;slide_03_03_mobile&#8221; url=&#8221;@ET-DC@eyJkeW5hbWljIjp0cnVlLCJjb250ZW50IjoicG9zdF9saW5rX3VybF9wYWdlIiwic2V0dGluZ3MiOnsicG9zdF9pZCI6IjUyMiJ9fQ==@&#8221; _builder_version=&#8221;4.27.4&#8243; _dynamic_attributes=&#8221;url&#8221; _module_preset=&#8221;default&#8221; hover_enabled=&#8221;0&#8243; global_colors_info=&#8221;{}&#8221; sticky_enabled=&#8221;0&#8243;][\/et_pb_image][\/et_pb_column][et_pb_column type=&#8221;1_3&#8243; _builder_version=&#8221;4.16&#8243; _module_preset=&#8221;default&#8221; global_colors_info=&#8221;{}&#8221;][et_pb_image src=&#8221;https:\/\/rseabra.com.br\/site\/wp-content\/uploads\/2025\/09\/slide_04_mobile2.jpg&#8221; title_text=&#8221;slide_04_mobile2&#8243; url=&#8221;@ET-DC@eyJkeW5hbWljIjp0cnVlLCJjb250ZW50IjoicG9zdF9saW5rX3VybF9wYWdlIiwic2V0dGluZ3MiOnsicG9zdF9pZCI6IjU3NiJ9fQ==@&#8221; _builder_version=&#8221;4.16&#8243; _dynamic_attributes=&#8221;url&#8221; _module_preset=&#8221;default&#8221; global_colors_info=&#8221;{}&#8221;][\/et_pb_image][\/et_pb_column][\/et_pb_row][\/et_pb_section][et_pb_section fb_built=&#8221;1&#8243; admin_label=&#8221;section&#8221; _builder_version=&#8221;4.16&#8243; custom_padding=&#8221;22px||5px|||&#8221; transparent_background=&#8221;off&#8221; make_fullwidth=&#8221;off&#8221; use_custom_width=&#8221;off&#8221; width_unit=&#8221;on&#8221; custom_width_px=&#8221;1080&#8243; custom_width_percent=&#8221;80&#8243; global_colors_info=&#8221;{}&#8221;][et_pb_row admin_label=&#8221;row&#8221; _builder_version=&#8221;4.16&#8243; background_size=&#8221;initial&#8221; background_position=&#8221;top_left&#8221; background_repeat=&#8221;repeat&#8221; global_colors_info=&#8221;{}&#8221;][et_pb_column type=&#8221;4_4&#8243; _builder_version=&#8221;4.16&#8243; custom_padding=&#8221;|||&#8221; global_colors_info=&#8221;{}&#8221; custom_padding__hover=&#8221;|||&#8221;][et_pb_text admin_label=&#8221;Texto&#8221; _builder_version=&#8221;4.16&#8243; text_font_size=&#8221;16&#8243; text_letter_spacing=&#8221;0&#8243; text_line_height=&#8221;1.7&#8243; header_font_size=&#8221;30&#8243; header_letter_spacing=&#8221;0&#8243; header_line_height=&#8221;1&#8243; background_size=&#8221;initial&#8221; background_position=&#8221;top_left&#8221; background_repeat=&#8221;repeat&#8221; text_orientation=&#8221;justified&#8221; use_border_color=&#8221;off&#8221; border_color=&#8221;#ffffff&#8221; border_width=&#8221;1&#8243; border_style=&#8221;solid&#8221; global_colors_info=&#8221;{}&#8221;]Nossos produtos s\u00e3o reconhecidos em v\u00e1rios pa\u00edses da Am\u00e9rica Latina, pois s\u00e3o fabricados dentro dos mais r\u00edgidos padr\u00f5es de qualidade, proporcionando maior seguran\u00e7a e economia na sua reposi\u00e7\u00e3o.<br \/>\n[\/et_pb_text][\/et_pb_column][\/et_pb_row][\/et_pb_section][et_pb_section fb_built=&#8221;1&#8243; _builder_version=&#8221;4.16&#8243; _module_preset=&#8221;default&#8221; global_colors_info=&#8221;{}&#8221;][et_pb_row _builder_version=&#8221;4.16&#8243; _module_preset=&#8221;default&#8221; global_colors_info=&#8221;{}&#8221;][et_pb_column type=&#8221;4_4&#8243; _builder_version=&#8221;4.16&#8243; _module_preset=&#8221;default&#8221; global_colors_info=&#8221;{}&#8221;][et_pb_text _builder_version=&#8221;4.16&#8243; _module_preset=&#8221;default&#8221; text_font=&#8221;Montserrat|800|on||||||&#8221; text_font_size=&#8221;30px&#8221; text_orientation=&#8221;center&#8221; global_colors_info=&#8221;{}&#8221;]<\/p>\n<p>Confira alguns v\u00eddeos:<\/p>\n<p>[\/et_pb_text][\/et_pb_column][\/et_pb_row][et_pb_row column_structure=&#8221;1_3,1_3,1_3&#8243; admin_label=&#8221;Linha&#8221; _builder_version=&#8221;4.16&#8243; background_size=&#8221;initial&#8221; background_position=&#8221;top_left&#8221; background_repeat=&#8221;repeat&#8221; custom_padding=&#8221;31px|||||&#8221; global_module=&#8221;693&#8243; global_colors_info=&#8221;{}&#8221;][et_pb_column type=&#8221;1_3&#8243; _builder_version=&#8221;4.16&#8243; custom_padding=&#8221;|||&#8221; global_colors_info=&#8221;{}&#8221; custom_padding__hover=&#8221;|||&#8221;][et_pb_text _builder_version=&#8221;4.27.4&#8243; _module_preset=&#8221;default&#8221; border_radii=&#8221;on|16px|16px|16px|16px&#8221; global_colors_info=&#8221;{}&#8221;]<iframe loading=\"lazy\" width=\"315\" height=\"560\" src=\"https:\/\/www.youtube.com\/embed\/tJE9TjPB4YY?si=JP074WksaHr8hWW8\" title=\"YouTube video player\" frameborder=\"0\" allow=\"accelerometer; autoplay; clipboard-write; encrypted-media; gyroscope; picture-in-picture; web-share\" referrerpolicy=\"strict-origin-when-cross-origin\" allowfullscreen><\/iframe>[\/et_pb_text][\/et_pb_column][et_pb_column type=&#8221;1_3&#8243; _builder_version=&#8221;4.16&#8243; custom_padding=&#8221;|||&#8221; global_colors_info=&#8221;{}&#8221; custom_padding__hover=&#8221;|||&#8221;][et_pb_text _builder_version=&#8221;4.27.4&#8243; _module_preset=&#8221;default&#8221; border_radii=&#8221;on|16px|16px|16px|16px&#8221; global_colors_info=&#8221;{}&#8221;]<iframe loading=\"lazy\" width=\"315\" height=\"560\" src=\"https:\/\/www.youtube.com\/embed\/gy5gO-VNtT8?si=LV5pFIBXDSxPSJkS\" title=\"YouTube video player\" frameborder=\"0\" allow=\"accelerometer; autoplay; clipboard-write; encrypted-media; gyroscope; picture-in-picture; web-share\" referrerpolicy=\"strict-origin-when-cross-origin\" allowfullscreen><\/iframe>[\/et_pb_text][\/et_pb_column][et_pb_column type=&#8221;1_3&#8243; _builder_version=&#8221;4.16&#8243; custom_padding=&#8221;|||&#8221; global_colors_info=&#8221;{}&#8221; custom_padding__hover=&#8221;|||&#8221;][et_pb_text _builder_version=&#8221;4.27.4&#8243; _module_preset=&#8221;default&#8221; border_radii=&#8221;on|16px|16px|16px|16px&#8221; global_colors_info=&#8221;{}&#8221;]<iframe loading=\"lazy\" title=\"YouTube video player\" src=\"https:\/\/www.youtube.com\/embed\/T-raAFd-iWs?si=fcuXID81IiftTvpq\" width=\"315\" height=\"560\" frameborder=\"0\" allowfullscreen=\"allowfullscreen\"><\/iframe>[\/et_pb_text][\/et_pb_column][\/et_pb_row][et_pb_row _builder_version=&#8221;4.16&#8243; _module_preset=&#8221;default&#8221; global_colors_info=&#8221;{}&#8221;][et_pb_column type=&#8221;4_4&#8243; _builder_version=&#8221;4.16&#8243; _module_preset=&#8221;default&#8221; global_colors_info=&#8221;{}&#8221;][et_pb_button button_url=&#8221;@ET-DC@eyJkeW5hbWljIjp0cnVlLCJjb250ZW50IjoicG9zdF9saW5rX3VybF9wYWdlIiwic2V0dGluZ3MiOnsicG9zdF9pZCI6IjE5NyJ9fQ==@&#8221; button_text=&#8221;Ver mais V\u00eddeos&#8230;&#8221; button_alignment=&#8221;center&#8221; _builder_version=&#8221;4.27.4&#8243; _dynamic_attributes=&#8221;button_url&#8221; _module_preset=&#8221;default&#8221; global_colors_info=&#8221;{}&#8221;][\/et_pb_button][\/et_pb_column][\/et_pb_row][\/et_pb_section][et_pb_section fb_built=&#8221;1&#8243; admin_label=&#8221;Se\u00e7\u00e3o&#8221; _builder_version=&#8221;4.16&#8243; global_colors_info=&#8221;{}&#8221;][et_pb_row column_structure=&#8221;1_2,1_2&#8243; admin_label=&#8221;Linha&#8221; _builder_version=&#8221;4.16&#8243; background_size=&#8221;initial&#8221; background_position=&#8221;top_left&#8221; background_repeat=&#8221;repeat&#8221; custom_padding=&#8221;5px|||&#8221; make_fullwidth=&#8221;off&#8221; use_custom_width=&#8221;off&#8221; width_unit=&#8221;on&#8221; custom_width_px=&#8221;1080&#8243; custom_width_percent=&#8221;80&#8243; global_colors_info=&#8221;{}&#8221;][et_pb_column type=&#8221;1_2&#8243; _builder_version=&#8221;4.16&#8243; custom_padding=&#8221;|||&#8221; global_colors_info=&#8221;{}&#8221; custom_padding__hover=&#8221;|||&#8221;][et_pb_text admin_label=&#8221;Texto&#8221; _builder_version=&#8221;4.16&#8243; text_letter_spacing=&#8221;0&#8243; text_line_height=&#8221;1.7&#8243; header_font_size=&#8221;30&#8243; header_letter_spacing=&#8221;0&#8243; header_line_height=&#8221;1&#8243; background_size=&#8221;initial&#8221; background_position=&#8221;top_left&#8221; background_repeat=&#8221;repeat&#8221; use_border_color=&#8221;off&#8221; border_color=&#8221;#ffffff&#8221; border_width=&#8221;1&#8243; border_style=&#8221;solid&#8221; global_colors_info=&#8221;{}&#8221;]<\/p>\n<p>Mangueira Pl\u00e1stica Cristal Siliconada<br \/>Mangueira Lonada Nitr\u00edlica para Combust\u00edvel com Tran\u00e7ado T\u00eaxtil<br \/>Mangueira para Inje\u00e7\u00e3o Eletr\u00f4nica com Tran\u00e7as interna e Cobertura Nitr\u00edlica<br \/>Mangueira Cristal Amarela<br \/>Mangueira para Hidrov\u00e1cuo<br \/>Abra\u00e7adeira Rosca sem Fim<br \/>Abra\u00e7adeira para Mangueira Tipo Norma \u2013 Hidra<br \/>Abra\u00e7adeira Tipo Lacre Nylon<br \/>Componentes Diversos Para Inje\u00e7\u00e3o Eletr\u00f4nica<br \/>Reparos para Limpeza de Bicos Injetor<br \/>Guarni\u00e7\u00e3o para Filtro de Ar Flange do Modulo de Combust\u00edvel<br \/>Componentes Diversos para Carbura\u00e7\u00e3o<br \/>Bico Injetor para Carburador (Bengalinha)<br \/>Filtro de Combust\u00edvel Universal \u00c1lcool \/ Gasolina<br \/>V\u00e1lvula Boia para Carburador Solex \/ Weber<br \/>Diversos kit Blow By e Desborbulhador<br \/>Guarnital para a Fabrica\u00e7\u00e3o de Juntas em Geral<br \/>Baquelite para Carburador e Bomba de Combust\u00edvel<br \/>Diafragma para Carburador Solex<br \/>Diafragma para Carburador Weber<\/p>\n<p>[\/et_pb_text][\/et_pb_column][et_pb_column type=&#8221;1_2&#8243; _builder_version=&#8221;4.16&#8243; custom_padding=&#8221;|||&#8221; global_colors_info=&#8221;{}&#8221; custom_padding__hover=&#8221;|||&#8221;][et_pb_text admin_label=&#8221;Texto&#8221; _builder_version=&#8221;4.16&#8243; text_letter_spacing=&#8221;0&#8243; text_line_height=&#8221;1.7&#8243; header_font_size=&#8221;30&#8243; header_letter_spacing=&#8221;0&#8243; header_line_height=&#8221;1&#8243; background_size=&#8221;initial&#8221; background_position=&#8221;top_left&#8221; background_repeat=&#8221;repeat&#8221; use_border_color=&#8221;off&#8221; border_color=&#8221;#ffffff&#8221; border_width=&#8221;1&#8243; border_style=&#8221;solid&#8221; global_colors_info=&#8221;{}&#8221;]<\/p>\n<p>Kit para Carbura\u00e7\u00e3o e Inje\u00e7\u00e3o Eletronica<br \/>V\u00e1lvula M\u00e1xima e Desafogador para Carburador<br \/>Tuchos de Vela \u2013 Supressor de Vela<br \/>Buchas da Carca\u00e7a \u2013 Rosca Posti\u00e7a<br \/>Porca do Tubo de Freio<br \/>Sangrador de freio<br \/>Pist\u00e3o Injetor para carbura\u00e7\u00e3o<br \/>Agulha de Marcha Lenta<br \/>Reparo para Carbura\u00e7\u00e3o Solex<br \/>Reparo para Carbura\u00e7\u00e3o Weber<br \/>Componentes diversos para arremate fixa\u00e7\u00e3o e acabamento<br \/>Buchas de fixa\u00e7\u00e3o do bico injetor ao cabe\u00e7ote<br \/>Junta do Coletor<br \/>Junta de Escape <br \/>Junta do Catalizador<br \/>Jogo de Junta de C\u00e2mbio<br \/>Juntas Diversas<br \/>Juntas do Diferencial<br \/>Reparo para Inje\u00e7\u00e3o Eletr\u00f4nica<br \/>Tubos de Freio \u2013 Canos de Freio<\/p>\n<p>[\/et_pb_text][\/et_pb_column][\/et_pb_row][\/et_pb_section]<\/p>\n","protected":false},"excerpt":{"rendered":"<p>Nossos produtos s\u00e3o reconhecidos em v\u00e1rios pa\u00edses da Am\u00e9rica Latina, pois s\u00e3o fabricados dentro dos mais r\u00edgidos padr\u00f5es de qualidade, proporcionando maior seguran\u00e7a e economia na sua reposi\u00e7\u00e3o. Confira alguns v\u00eddeos:Mangueira Pl\u00e1stica Cristal SiliconadaMangueira Lonada Nitr\u00edlica para Combust\u00edvel com Tran\u00e7ado T\u00eaxtilMangueira para Inje\u00e7\u00e3o Eletr\u00f4nica com Tran\u00e7as interna e Cobertura Nitr\u00edlicaMangueira Cristal AmarelaMangueira para Hidrov\u00e1cuoAbra\u00e7adeira Rosca [&hellip;]<\/p>\n","protected":false},"author":1,"featured_media":0,"parent":0,"menu_order":0,"comment_status":"closed","ping_status":"closed","template":"","meta":{"_et_pb_use_builder":"on","_et_pb_old_content":"","_et_gb_content_width":"","footnotes":""},"class_list":["post-172","page","type-page","status-publish","hentry"],"_links":{"self":[{"href":"https:\/\/rseabra.com.br\/site\/wp-json\/wp\/v2\/pages\/172","targetHints":{"allow":["GET"]}}],"collection":[{"href":"https:\/\/rseabra.com.br\/site\/wp-json\/wp\/v2\/pages"}],"about":[{"href":"https:\/\/rseabra.com.br\/site\/wp-json\/wp\/v2\/types\/page"}],"author":[{"embeddable":true,"href":"https:\/\/rseabra.com.br\/site\/wp-json\/wp\/v2\/users\/1"}],"replies":[{"embeddable":true,"href":"https:\/\/rseabra.com.br\/site\/wp-json\/wp\/v2\/comments?post=172"}],"version-history":[{"count":18,"href":"https:\/\/rseabra.com.br\/site\/wp-json\/wp\/v2\/pages\/172\/revisions"}],"predecessor-version":[{"id":768,"href":"https:\/\/rseabra.com.br\/site\/wp-json\/wp\/v2\/pages\/172\/revisions\/768"}],"wp:attachment":[{"href":"https:\/\/rseabra.com.br\/site\/wp-json\/wp\/v2\/media?parent=172"}],"curies":[{"name":"wp","href":"https:\/\/api.w.org\/{rel}","templated":true}]}}